{"id":1463,"date":"2024-09-05T14:00:24","date_gmt":"2024-09-05T12:00:24","guid":{"rendered":"https:\/\/cfnorge.no.web-dev.exigo.no\/?page_id=1463"},"modified":"2025-03-05T09:44:35","modified_gmt":"2025-03-05T08:44:35","slug":"smittevern","status":"publish","type":"page","link":"http:\/\/cfnorge.no.dev.exigo.no\/en\/om-oss\/smittevern\/","title":{"rendered":"Smittevern"},"content":{"rendered":"<p>[et_pb_section fb_built=&raquo;1&#8243; next_background_color=&raquo;#ffffff&raquo; _builder_version=&raquo;4.21.0&#8243; _module_preset=&raquo;default&raquo; background_color=&raquo;gcid-9e2f3af2-1007-4221-b250-8e35d98c5991&#8243; min_height=&raquo;560.7px&raquo; top_divider_color=&raquo;gcid-26e97d0d-b127-4ce1-b597-0df3fb01df24&#8243; top_divider_height=&raquo;55px&raquo; top_divider_flip=&raquo;vertical&raquo; bottom_divider_style=&raquo;wave&raquo; locked=&raquo;off&raquo; global_colors_info=&raquo;{%22gcid-26e97d0d-b127-4ce1-b597-0df3fb01df24%22:%91%22top_divider_color%22%93,%22gcid-9e2f3af2-1007-4221-b250-8e35d98c5991%22:%91%22background_color%22%93}&raquo;][et_pb_row _builder_version=&raquo;4.21.0&#8243; _module_preset=&raquo;default&raquo; custom_padding=&raquo;11px||4px|||&raquo; locked=&raquo;off&raquo; global_colors_info=&raquo;{}&raquo;][et_pb_column type=&raquo;4_4&#8243; _builder_version=&raquo;4.21.0&#8243; _module_preset=&raquo;default&raquo; global_colors_info=&raquo;{}&raquo;][et_pb_text _builder_version=&raquo;4.21.0&#8243; _module_preset=&raquo;default&raquo; header_font=&raquo;Poppins|600|||||||&raquo; header_text_color=&raquo;gcid-26e97d0d-b127-4ce1-b597-0df3fb01df24&#8243; header_line_height=&raquo;1.4em&raquo; custom_margin=&raquo;0px||0px||false|false&raquo; custom_padding=&raquo;0px||0px||false|false&raquo; global_colors_info=&raquo;{%22gcid-26e97d0d-b127-4ce1-b597-0df3fb01df24%22:%91%22header_text_color%22%93}&raquo;][\/et_pb_text][\/et_pb_column][\/et_pb_row][et_pb_row column_structure=&raquo;1_2,1_2&#8243; _builder_version=&raquo;4.21.0&#8243; _module_preset=&raquo;default&raquo; custom_margin=&raquo;0px|auto|23px|auto|false|false&raquo; custom_padding=&raquo;0px||||false|false&raquo; locked=&raquo;off&raquo; global_colors_info=&raquo;{}&raquo;][et_pb_column type=&raquo;1_2&#8243; _builder_version=&raquo;4.21.0&#8243; _module_preset=&raquo;default&raquo; global_colors_info=&raquo;{}&raquo;][et_pb_text _builder_version=&raquo;4.21.0&#8243; _module_preset=&raquo;default&raquo; header_font=&raquo;Poppins|600|||||||&raquo; header_text_color=&raquo;gcid-26e97d0d-b127-4ce1-b597-0df3fb01df24&#8243; custom_margin=&raquo;0px||0px||false|false&raquo; custom_padding=&raquo;0px||0px||false|false&raquo; global_colors_info=&raquo;{%22gcid-26e97d0d-b127-4ce1-b597-0df3fb01df24%22:%91%22header_text_color%22%93}&raquo;]<\/p>\n<h1>Smittevern for NFCF\u00a0<\/h1>\n<p>[\/et_pb_text][et_pb_text _builder_version=&raquo;4.21.0&#8243; _module_preset=&raquo;default&raquo; text_font=&raquo;Poppins|300|||||||&raquo; text_text_color=&raquo;gcid-26e97d0d-b127-4ce1-b597-0df3fb01df24&#8243; text_font_size=&raquo;16px&raquo; text_line_height=&raquo;1.8em&raquo; global_colors_info=&raquo;{%22gcid-26e97d0d-b127-4ce1-b597-0df3fb01df24%22:%91%22text_text_color%22%93}&raquo;]<\/p>\n<p>Smittevern er avgj\u00f8rende for personer med cystisk fibrose (CF), organtransplanterte med CF (Tx-CF), og de med prim\u00e6r cili\u00e6r dyskinesi (PCD). Internasjonal forskning viser at strenge smittevernrutiner har forbedret helse og \u00f8kt overlevelse hos CF-pasienter. Under finner du de oppdaterte smittevernreglene (2025) som gjelder for sykehus, hjem og sosiale arenaer:<\/p>\n<p>&nbsp;<\/p>\n<p>[\/et_pb_text][\/et_pb_column][et_pb_column type=&raquo;1_2&#8243; _builder_version=&raquo;4.21.0&#8243; _module_preset=&raquo;default&raquo; global_colors_info=&raquo;{}&raquo;][et_pb_image src=&raquo;http:\/\/cfnorge.no.dev.exigo.no\/wp-content\/uploads\/2024\/09\/online-marketing-hIgeoQjS_iE-unsplash-scaled.jpg&raquo; title_text=&raquo;online-marketing-hIgeoQjS_iE-unsplash&raquo; _builder_version=&raquo;4.21.0&#8243; _module_preset=&raquo;default&raquo; global_colors_info=&raquo;{}&raquo;][\/et_pb_image][\/et_pb_column][\/et_pb_row][\/et_pb_section][et_pb_section fb_built=&raquo;1&#8243; _builder_version=&raquo;4.21.0&#8243; _module_preset=&raquo;default&raquo; min_height=&raquo;1434.5px&raquo; custom_padding=&raquo;0px|||||&raquo; hover_enabled=&raquo;0&#8243; global_colors_info=&raquo;{}&raquo; sticky_enabled=&raquo;0&#8243;][et_pb_row _builder_version=&raquo;4.21.0&#8243; _module_preset=&raquo;default&raquo; global_colors_info=&raquo;{}&raquo;][et_pb_column type=&raquo;4_4&#8243; _builder_version=&raquo;4.21.0&#8243; _module_preset=&raquo;default&raquo; global_colors_info=&raquo;{}&raquo;][et_pb_text _builder_version=&raquo;4.21.0&#8243; _module_preset=&raquo;default&raquo; hover_enabled=&raquo;0&#8243; global_colors_info=&raquo;{}&raquo; sticky_enabled=&raquo;0&#8243;]<\/p>\n<p><a href=\"http:\/\/cfnorge.no.dev.exigo.no\/wp-content\/uploads\/2025\/03\/2025-God-hygiene-for-godt-smittevern-ved-CF-og-PCD-NFCF-fagrad-revisjon-2025.pdf\" rel=\"attachment wp-att-1277\">\u00c5pne dokumentet for smittevernsreglene HER<\/a><\/p>\n<p>[\/et_pb_text][\/et_pb_column][\/et_pb_row][et_pb_row _builder_version=&raquo;4.21.0&#8243; _module_preset=&raquo;default&raquo; min_height=&raquo;1406.5px&raquo; hover_enabled=&raquo;0&#8243; global_colors_info=&raquo;{}&raquo; sticky_enabled=&raquo;0&#8243;][et_pb_column type=&raquo;4_4&#8243; _builder_version=&raquo;4.21.0&#8243; _module_preset=&raquo;default&raquo; global_colors_info=&raquo;{}&raquo;][et_pb_text _builder_version=&raquo;4.21.0&#8243; _module_preset=&raquo;default&raquo; header_font=&raquo;Poppins|600|||||||&raquo; header_text_color=&raquo;gcid-26e97d0d-b127-4ce1-b597-0df3fb01df24&#8243; custom_margin=&raquo;0px||0px||false|false&raquo; custom_padding=&raquo;0px||0px||false|false&raquo; global_colors_info=&raquo;{%22gcid-26e97d0d-b127-4ce1-b597-0df3fb01df24%22:%91%22header_text_color%22%93}&raquo;]<\/p>\n<h1>God hygiene for godt smittevern \u2013 V\u00e5rt ansvar<\/h1>\n<p>[\/et_pb_text][et_pb_image src=&raquo;http:\/\/cfnorge.no.dev.exigo.no\/wp-content\/uploads\/2025\/03\/Smittevern.jpg&raquo; _builder_version=&raquo;4.21.0&#8243; _module_preset=&raquo;default&raquo; title_text=&raquo;Smittevern&raquo; hover_enabled=&raquo;0&#8243; sticky_enabled=&raquo;0&#8243;][\/et_pb_image][et_pb_image src=&raquo;http:\/\/cfnorge.no.dev.exigo.no\/wp-content\/uploads\/2025\/03\/smittevern-2.jpg&raquo; _builder_version=&raquo;4.21.0&#8243; _module_preset=&raquo;default&raquo; title_text=&raquo;smittevern 2&#8243; hover_enabled=&raquo;0&#8243; sticky_enabled=&raquo;0&#8243;][\/et_pb_image][\/et_pb_column][\/et_pb_row][\/et_pb_section][et_pb_section fb_built=&raquo;1&#8243; _builder_version=&raquo;4.21.0&#8243; _module_preset=&raquo;default&raquo; min_height=&raquo;2262.4px&raquo; custom_padding=&raquo;7px|||||&raquo; global_colors_info=&raquo;{}&raquo;][et_pb_row _builder_version=&raquo;4.21.0&#8243; _module_preset=&raquo;default&raquo; custom_margin=&raquo;|auto|0px|auto|false|false&raquo; custom_padding=&raquo;||0px||false|false&raquo; locked=&raquo;off&raquo; global_colors_info=&raquo;{}&raquo;][et_pb_column type=&raquo;4_4&#8243; _builder_version=&raquo;4.21.0&#8243; _module_preset=&raquo;default&raquo; global_colors_info=&raquo;{}&raquo;][et_pb_blog fullwidth=&raquo;off&raquo; posts_number=&raquo;2&#8243; include_categories=&raquo;all&raquo; use_manual_excerpt=&raquo;off&raquo; excerpt_length=&raquo;180&#8243; show_more=&raquo;on&raquo; show_author=&raquo;off&raquo; show_date=&raquo;off&raquo; show_pagination=&raquo;off&raquo; masonry_tile_background_color=&raquo;RGBA(255,255,255,0)&raquo; disabled_on=&raquo;on|off|on&raquo; _builder_version=&raquo;4.21.0&#8243; _module_preset=&raquo;default&raquo; header_font=&raquo;Poppins||||||||&raquo; header_text_color=&raquo;gcid-26e97d0d-b127-4ce1-b597-0df3fb01df24&#8243; header_line_height=&raquo;1.2em&raquo; body_font=&raquo;Poppins|300|||||||&raquo; body_text_align=&raquo;left&raquo; body_text_color=&raquo;gcid-26e97d0d-b127-4ce1-b597-0df3fb01df24&#8243; meta_font=&raquo;|700||on|||||&raquo; meta_text_color=&raquo;gcid-f60bfea8-f451-489d-8bfd-27e12ee36365&#8243; meta_font_size=&raquo;12px&raquo; read_more_font=&raquo;Poppins|||on|||||&raquo; read_more_text_color=&raquo;gcid-edcc47c2-e936-4ba2-8e6c-8ca8cb2c2a05&#8243; read_more_font_size=&raquo;16px&raquo; read_more_line_height=&raquo;2.6em&raquo; body_link_font=&raquo;Poppins|600|||||||&raquo; background_color=&raquo;RGBA(255,255,255,0)&raquo; text_orientation=&raquo;left&raquo; border_width_all=&raquo;0px&raquo; border_radii_image=&raquo;off|15px|15px||&raquo; global_colors_info=&raquo;{%22gcid-edcc47c2-e936-4ba2-8e6c-8ca8cb2c2a05%22:%91%22read_more_text_color%22%93,%22gcid-26e97d0d-b127-4ce1-b597-0df3fb01df24%22:%91%22body_text_color%22,%22header_text_color%22%93,%22gcid-f60bfea8-f451-489d-8bfd-27e12ee36365%22:%91%22meta_text_color%22%93}&raquo;][\/et_pb_blog][et_pb_blog fullwidth=&raquo;off&raquo; posts_number=&raquo;3&#8243; include_categories=&raquo;all&raquo; use_manual_excerpt=&raquo;off&raquo; excerpt_length=&raquo;180&#8243; show_more=&raquo;on&raquo; show_author=&raquo;off&raquo; show_date=&raquo;off&raquo; show_pagination=&raquo;off&raquo; masonry_tile_background_color=&raquo;RGBA(255,255,255,0)&raquo; disabled_on=&raquo;off|on|off&raquo; _builder_version=&raquo;4.21.0&#8243; _module_preset=&raquo;default&raquo; header_font=&raquo;Poppins||||||||&raquo; header_text_color=&raquo;gcid-26e97d0d-b127-4ce1-b597-0df3fb01df24&#8243; header_line_height=&raquo;1.2em&raquo; body_font=&raquo;Poppins|300|||||||&raquo; body_text_align=&raquo;left&raquo; body_text_color=&raquo;gcid-26e97d0d-b127-4ce1-b597-0df3fb01df24&#8243; meta_font=&raquo;|700||on|||||&raquo; meta_text_color=&raquo;gcid-f60bfea8-f451-489d-8bfd-27e12ee36365&#8243; meta_font_size=&raquo;12px&raquo; read_more_font=&raquo;Poppins|||on|||||&raquo; read_more_text_color=&raquo;gcid-edcc47c2-e936-4ba2-8e6c-8ca8cb2c2a05&#8243; read_more_font_size=&raquo;16px&raquo; read_more_line_height=&raquo;2.6em&raquo; body_link_font=&raquo;Poppins|600|||||||&raquo; background_color=&raquo;RGBA(255,255,255,0)&raquo; text_orientation=&raquo;left&raquo; border_width_all=&raquo;0px&raquo; border_radii_image=&raquo;off|15px|15px||&raquo; global_colors_info=&raquo;{%22gcid-edcc47c2-e936-4ba2-8e6c-8ca8cb2c2a05%22:%91%22read_more_text_color%22%93,%22gcid-26e97d0d-b127-4ce1-b597-0df3fb01df24%22:%91%22body_text_color%22,%22header_text_color%22%93,%22gcid-f60bfea8-f451-489d-8bfd-27e12ee36365%22:%91%22meta_text_color%22%93}&raquo;][\/et_pb_blog][\/et_pb_column][\/et_pb_row][\/et_pb_section][et_pb_section fb_built=&raquo;1&#8243; disabled_on=&raquo;on|on|off&raquo; _builder_version=&raquo;4.21.0&#8243; _module_preset=&raquo;default&raquo; background_color=&raquo;gcid-edcc47c2-e936-4ba2-8e6c-8ca8cb2c2a05&#8243; custom_padding=&raquo;||0px||false|false&raquo; global_colors_info=&raquo;{%22gcid-edcc47c2-e936-4ba2-8e6c-8ca8cb2c2a05%22:%91%22background_color%22%93}&raquo;][et_pb_row column_structure=&raquo;1_2,1_2&#8243; use_custom_gutter=&raquo;on&raquo; gutter_width=&raquo;1&#8243; _builder_version=&raquo;4.21.0&#8243; _module_preset=&raquo;default&raquo; custom_padding=&raquo;||0px||false|false&raquo; global_colors_info=&raquo;{}&raquo;][et_pb_column type=&raquo;1_2&#8243; _builder_version=&raquo;4.21.0&#8243; _module_preset=&raquo;default&raquo; global_colors_info=&raquo;{}&raquo;][et_pb_image src=&raquo;https:\/\/cfnorge.bwod.dev\/wp-content\/uploads\/2023\/08\/Stott-oss-illustrasjon-CF-2-1.png&raquo; title_text=&raquo;St\u00f8tt-oss-illustrasjon-CF-2&#8243; _builder_version=&raquo;4.21.0&#8243; _module_preset=&raquo;default&raquo; width=&raquo;65%&raquo; module_alignment=&raquo;center&raquo; global_colors_info=&raquo;{}&raquo;][\/et_pb_image][\/et_pb_column][et_pb_column type=&raquo;1_2&#8243; _builder_version=&raquo;4.21.0&#8243; _module_preset=&raquo;default&raquo; global_colors_info=&raquo;{}&raquo;][et_pb_text _builder_version=&raquo;4.21.0&#8243; _module_preset=&raquo;default&raquo; header_2_font=&raquo;Poppins|600|||||||&raquo; header_2_text_color=&raquo;#FFFFFF&raquo; header_2_font_size=&raquo;30px&raquo; header_3_font=&raquo;Poppins||||||||&raquo; header_3_text_color=&raquo;#FFFFFF&raquo; header_3_font_size=&raquo;20px&raquo; header_3_line_height=&raquo;1.5em&raquo; custom_margin=&raquo;74px||18px|||&raquo; global_colors_info=&raquo;{}&raquo;]<\/p>\n<h2>Support us<\/h2>\n<h3>We are grateful for all<br \/>\ncontributions to our work.<\/h3>\n<p>[\/et_pb_text][et_pb_button button_url=&raquo;@ET-DC@eyJkeW5hbWljIjp0cnVlLCJjb250ZW50IjoicG9zdF9saW5rX3VybF9wYWdlIiwic2V0dGluZ3MiOnsicG9zdF9pZCI6IjQ1NyJ9fQ==@&raquo; button_text=&raquo;Les hvordan her&raquo; _builder_version=&raquo;4.21.0&#8243; _dynamic_attributes=&raquo;button_url&raquo; _module_preset=&raquo;default&raquo; custom_button=&raquo;on&raquo; button_text_size=&raquo;16px&raquo; button_text_color=&raquo;#FFFFFF&raquo; button_bg_color=&raquo;gcid-26e97d0d-b127-4ce1-b597-0df3fb01df24&#8243; button_border_width=&raquo;0px&raquo; button_border_radius=&raquo;100px&raquo; global_colors_info=&raquo;{%22gcid-26e97d0d-b127-4ce1-b597-0df3fb01df24%22:%91%22button_bg_color%22%93}&raquo;][\/et_pb_button][\/et_pb_column][\/et_pb_row][\/et_pb_section][et_pb_section fb_built=&raquo;1&#8243; disabled_on=&raquo;off|off|on&raquo; _builder_version=&raquo;4.21.0&#8243; _module_preset=&raquo;default&raquo; background_color=&raquo;gcid-edcc47c2-e936-4ba2-8e6c-8ca8cb2c2a05&#8243; custom_padding=&raquo;21px||0px||false|false&raquo; locked=&raquo;off&raquo; global_colors_info=&raquo;{%22gcid-edcc47c2-e936-4ba2-8e6c-8ca8cb2c2a05%22:%91%22background_color%22%93}&raquo;][et_pb_row _builder_version=&raquo;4.21.0&#8243; _module_preset=&raquo;default&raquo; custom_margin=&raquo;13px|auto|0px|auto|false|false&raquo; custom_padding=&raquo;7px||0px||false|false&raquo; global_colors_info=&raquo;{}&raquo;][et_pb_column type=&raquo;4_4&#8243; _builder_version=&raquo;4.21.0&#8243; _module_preset=&raquo;default&raquo; global_colors_info=&raquo;{}&raquo;][et_pb_text _builder_version=&raquo;4.21.0&#8243; _module_preset=&raquo;default&raquo; header_2_font=&raquo;Poppins|600|||||||&raquo; header_2_text_color=&raquo;#FFFFFF&raquo; header_2_font_size=&raquo;30px&raquo; header_3_font=&raquo;Poppins||||||||&raquo; header_3_text_color=&raquo;#FFFFFF&raquo; header_3_font_size=&raquo;20px&raquo; header_3_line_height=&raquo;1.5em&raquo; custom_margin=&raquo;26px|||||&raquo; global_colors_info=&raquo;{}&raquo;]<\/p>\n<h2>Support us<\/h2>\n<h3>We are grateful for all<br \/>\ncontributions to our work.<\/h3>\n<p>[\/et_pb_text][et_pb_button button_url=&raquo;@ET-DC@eyJkeW5hbWljIjp0cnVlLCJjb250ZW50IjoicG9zdF9saW5rX3VybF9wYWdlIiwic2V0dGluZ3MiOnsicG9zdF9pZCI6IjQ1NyJ9fQ==@&raquo; button_text=&raquo;LES HVORDAN HER&raquo; _builder_version=&raquo;4.21.0&#8243; _dynamic_attributes=&raquo;button_url&raquo; _module_preset=&raquo;default&raquo; custom_button=&raquo;on&raquo; button_text_size=&raquo;16px&raquo; button_text_color=&raquo;#FFFFFF&raquo; button_bg_color=&raquo;gcid-26e97d0d-b127-4ce1-b597-0df3fb01df24&#8243; button_border_width=&raquo;0px&raquo; button_border_radius=&raquo;100px&raquo; custom_margin=&raquo;||11px|||&raquo; global_colors_info=&raquo;{%22gcid-26e97d0d-b127-4ce1-b597-0df3fb01df24%22:%91%22button_bg_color%22%93}&raquo;][\/et_pb_button][et_pb_image src=&raquo;https:\/\/cfnorge.bwod.dev\/wp-content\/uploads\/2023\/08\/Stott-oss-illustrasjon-CF-2-1.png&raquo; title_text=&raquo;St\u00f8tt-oss-illustrasjon-CF-2&#8243; _builder_version=&raquo;4.21.0&#8243; _module_preset=&raquo;default&raquo; max_width=&raquo;64%&raquo; max_width_tablet=&raquo;50%&raquo; max_width_phone=&raquo;50%&raquo; max_width_last_edited=&raquo;on|tablet&raquo; module_alignment=&raquo;right&raquo; custom_margin_tablet=&raquo;-40px||||false|false&raquo; custom_margin_phone=&raquo;-40px||||false|false&raquo; custom_margin_last_edited=&raquo;on|tablet&raquo; global_colors_info=&raquo;{}&raquo;][\/et_pb_image][\/et_pb_column][\/et_pb_row][\/et_pb_section]<\/p>","protected":false},"excerpt":{"rendered":"<p>Betydningen av smittevern ved cystisk fibrose (CF) er internasjonalt godt dokumentert, og dette har medf\u00f8rt til bedret helse og \u00f8kt overlevelse <\/p>\n<p>for personer med CF.<\/p>","protected":false},"author":6,"featured_media":1028,"parent":275,"menu_order":0,"comment_status":"closed","ping_status":"closed","template":"","meta":{"_et_pb_use_builder":"on","_et_pb_old_content":"","_et_gb_content_width":"","footnotes":""},"class_list":["post-1463","page","type-page","status-publish","has-post-thumbnail","hentry"],"yoast_head":"<!-- This site is optimized with the Yoast SEO plugin v26.2 - https:\/\/yoast.com\/wordpress\/plugins\/seo\/ -->\n<title>Smittevern - CF Norge<\/title>\n<meta name=\"description\" content=\"Smittevern for fysisk deltakelse p\u00e5 arrangementer i regi av Norsk forening for cystisk fibrose\" \/>\n<meta name=\"robots\" content=\"noindex, follow, max-snippet:-1, max-image-preview:large, max-video-preview:-1\" \/>\n<meta property=\"og:locale\" content=\"en_GB\" \/>\n<meta property=\"og:type\" content=\"article\" \/>\n<meta property=\"og:title\" content=\"Smittevern - CF Norge\" \/>\n<meta property=\"og:description\" content=\"Smittevern for fysisk deltakelse p\u00e5 arrangementer i regi av Norsk forening for cystisk fibrose\" \/>\n<meta property=\"og:url\" content=\"http:\/\/cfnorge.no.dev.exigo.no\/en\/om-oss\/smittevern\/\" \/>\n<meta property=\"og:site_name\" content=\"CF Norge\" \/>\n<meta property=\"article:modified_time\" content=\"2025-03-05T08:44:35+00:00\" \/>\n<meta property=\"og:image\" content=\"http:\/\/cfnorge.no.dev.exigo.no\/wp-content\/uploads\/2024\/06\/online-marketing-hIgeoQjS_iE-unsplash-scaled.jpg\" \/>\n\t<meta property=\"og:image:width\" content=\"2560\" \/>\n\t<meta property=\"og:image:height\" content=\"1440\" \/>\n\t<meta property=\"og:image:type\" content=\"image\/jpeg\" \/>\n<meta name=\"twitter:card\" content=\"summary_large_image\" \/>\n<meta name=\"twitter:label1\" content=\"Estimated reading time\" \/>\n\t<meta name=\"twitter:data1\" content=\"4 minutes\" \/>\n<script type=\"application\/ld+json\" class=\"yoast-schema-graph\">{\"@context\":\"https:\/\/schema.org\",\"@graph\":[{\"@type\":\"WebPage\",\"@id\":\"http:\/\/cfnorge.no.dev.exigo.no\/om-oss\/smittevern\/\",\"url\":\"http:\/\/cfnorge.no.dev.exigo.no\/om-oss\/smittevern\/\",\"name\":\"Smittevern - CF Norge\",\"isPartOf\":{\"@id\":\"http:\/\/cfnorge.no.dev.exigo.no\/#website\"},\"primaryImageOfPage\":{\"@id\":\"http:\/\/cfnorge.no.dev.exigo.no\/om-oss\/smittevern\/#primaryimage\"},\"image\":{\"@id\":\"http:\/\/cfnorge.no.dev.exigo.no\/om-oss\/smittevern\/#primaryimage\"},\"thumbnailUrl\":\"http:\/\/cfnorge.no.dev.exigo.no\/wp-content\/uploads\/2024\/06\/online-marketing-hIgeoQjS_iE-unsplash-scaled.jpg\",\"datePublished\":\"2024-09-05T12:00:24+00:00\",\"dateModified\":\"2025-03-05T08:44:35+00:00\",\"description\":\"Smittevern for fysisk deltakelse p\u00e5 arrangementer i regi av Norsk forening for cystisk fibrose\",\"breadcrumb\":{\"@id\":\"http:\/\/cfnorge.no.dev.exigo.no\/om-oss\/smittevern\/#breadcrumb\"},\"inLanguage\":\"en-GB\",\"potentialAction\":[{\"@type\":\"ReadAction\",\"target\":[\"http:\/\/cfnorge.no.dev.exigo.no\/om-oss\/smittevern\/\"]}]},{\"@type\":\"ImageObject\",\"inLanguage\":\"en-GB\",\"@id\":\"http:\/\/cfnorge.no.dev.exigo.no\/om-oss\/smittevern\/#primaryimage\",\"url\":\"http:\/\/cfnorge.no.dev.exigo.no\/wp-content\/uploads\/2024\/06\/online-marketing-hIgeoQjS_iE-unsplash-scaled.jpg\",\"contentUrl\":\"http:\/\/cfnorge.no.dev.exigo.no\/wp-content\/uploads\/2024\/06\/online-marketing-hIgeoQjS_iE-unsplash-scaled.jpg\",\"width\":2560,\"height\":1440},{\"@type\":\"BreadcrumbList\",\"@id\":\"http:\/\/cfnorge.no.dev.exigo.no\/om-oss\/smittevern\/#breadcrumb\",\"itemListElement\":[{\"@type\":\"ListItem\",\"position\":1,\"name\":\"Hjem\",\"item\":\"http:\/\/cfnorge.no.dev.exigo.no\/\"},{\"@type\":\"ListItem\",\"position\":2,\"name\":\"Om oss\",\"item\":\"http:\/\/cfnorge.no.dev.exigo.no\/om-oss\/\"},{\"@type\":\"ListItem\",\"position\":3,\"name\":\"Smittevern\"}]},{\"@type\":\"WebSite\",\"@id\":\"http:\/\/cfnorge.no.dev.exigo.no\/#website\",\"url\":\"http:\/\/cfnorge.no.dev.exigo.no\/\",\"name\":\"CF Norge\",\"description\":\"\",\"publisher\":{\"@id\":\"http:\/\/cfnorge.no.dev.exigo.no\/#organization\"},\"potentialAction\":[{\"@type\":\"SearchAction\",\"target\":{\"@type\":\"EntryPoint\",\"urlTemplate\":\"http:\/\/cfnorge.no.dev.exigo.no\/?s={search_term_string}\"},\"query-input\":{\"@type\":\"PropertyValueSpecification\",\"valueRequired\":true,\"valueName\":\"search_term_string\"}}],\"inLanguage\":\"en-GB\"},{\"@type\":\"Organization\",\"@id\":\"http:\/\/cfnorge.no.dev.exigo.no\/#organization\",\"name\":\"CF Norge\",\"url\":\"http:\/\/cfnorge.no.dev.exigo.no\/\",\"logo\":{\"@type\":\"ImageObject\",\"inLanguage\":\"en-GB\",\"@id\":\"http:\/\/cfnorge.no.dev.exigo.no\/#\/schema\/logo\/image\/\",\"url\":\"http:\/\/cfnorge.no.dev.exigo.no\/wp-content\/uploads\/2024\/06\/CF-Horisontal-logo-2.png\",\"contentUrl\":\"http:\/\/cfnorge.no.dev.exigo.no\/wp-content\/uploads\/2024\/06\/CF-Horisontal-logo-2.png\",\"width\":12334,\"height\":3827,\"caption\":\"CF Norge\"},\"image\":{\"@id\":\"http:\/\/cfnorge.no.dev.exigo.no\/#\/schema\/logo\/image\/\"}}]}<\/script>\n<!-- \/ Yoast SEO plugin. -->","yoast_head_json":{"title":"Smittevern - CF Norge","description":"Smittevern for fysisk deltakelse p\u00e5 arrangementer i regi av Norsk forening for cystisk fibrose","robots":{"index":"noindex","follow":"follow","max-snippet":"max-snippet:-1","max-image-preview":"max-image-preview:large","max-video-preview":"max-video-preview:-1"},"og_locale":"en_GB","og_type":"article","og_title":"Smittevern - CF Norge","og_description":"Smittevern for fysisk deltakelse p\u00e5 arrangementer i regi av Norsk forening for cystisk fibrose","og_url":"http:\/\/cfnorge.no.dev.exigo.no\/en\/om-oss\/smittevern\/","og_site_name":"CF Norge","article_modified_time":"2025-03-05T08:44:35+00:00","og_image":[{"width":2560,"height":1440,"url":"http:\/\/cfnorge.no.dev.exigo.no\/wp-content\/uploads\/2024\/06\/online-marketing-hIgeoQjS_iE-unsplash-scaled.jpg","type":"image\/jpeg"}],"twitter_card":"summary_large_image","twitter_misc":{"Estimated reading time":"4 minutes"},"schema":{"@context":"https:\/\/schema.org","@graph":[{"@type":"WebPage","@id":"http:\/\/cfnorge.no.dev.exigo.no\/om-oss\/smittevern\/","url":"http:\/\/cfnorge.no.dev.exigo.no\/om-oss\/smittevern\/","name":"Smittevern - CF Norge","isPartOf":{"@id":"http:\/\/cfnorge.no.dev.exigo.no\/#website"},"primaryImageOfPage":{"@id":"http:\/\/cfnorge.no.dev.exigo.no\/om-oss\/smittevern\/#primaryimage"},"image":{"@id":"http:\/\/cfnorge.no.dev.exigo.no\/om-oss\/smittevern\/#primaryimage"},"thumbnailUrl":"http:\/\/cfnorge.no.dev.exigo.no\/wp-content\/uploads\/2024\/06\/online-marketing-hIgeoQjS_iE-unsplash-scaled.jpg","datePublished":"2024-09-05T12:00:24+00:00","dateModified":"2025-03-05T08:44:35+00:00","description":"Smittevern for fysisk deltakelse p\u00e5 arrangementer i regi av Norsk forening for cystisk fibrose","breadcrumb":{"@id":"http:\/\/cfnorge.no.dev.exigo.no\/om-oss\/smittevern\/#breadcrumb"},"inLanguage":"en-GB","potentialAction":[{"@type":"ReadAction","target":["http:\/\/cfnorge.no.dev.exigo.no\/om-oss\/smittevern\/"]}]},{"@type":"ImageObject","inLanguage":"en-GB","@id":"http:\/\/cfnorge.no.dev.exigo.no\/om-oss\/smittevern\/#primaryimage","url":"http:\/\/cfnorge.no.dev.exigo.no\/wp-content\/uploads\/2024\/06\/online-marketing-hIgeoQjS_iE-unsplash-scaled.jpg","contentUrl":"http:\/\/cfnorge.no.dev.exigo.no\/wp-content\/uploads\/2024\/06\/online-marketing-hIgeoQjS_iE-unsplash-scaled.jpg","width":2560,"height":1440},{"@type":"BreadcrumbList","@id":"http:\/\/cfnorge.no.dev.exigo.no\/om-oss\/smittevern\/#breadcrumb","itemListElement":[{"@type":"ListItem","position":1,"name":"Hjem","item":"http:\/\/cfnorge.no.dev.exigo.no\/"},{"@type":"ListItem","position":2,"name":"Om oss","item":"http:\/\/cfnorge.no.dev.exigo.no\/om-oss\/"},{"@type":"ListItem","position":3,"name":"Smittevern"}]},{"@type":"WebSite","@id":"http:\/\/cfnorge.no.dev.exigo.no\/#website","url":"http:\/\/cfnorge.no.dev.exigo.no\/","name":"CF Norge","description":"","publisher":{"@id":"http:\/\/cfnorge.no.dev.exigo.no\/#organization"},"potentialAction":[{"@type":"SearchAction","target":{"@type":"EntryPoint","urlTemplate":"http:\/\/cfnorge.no.dev.exigo.no\/?s={search_term_string}"},"query-input":{"@type":"PropertyValueSpecification","valueRequired":true,"valueName":"search_term_string"}}],"inLanguage":"en-GB"},{"@type":"Organization","@id":"http:\/\/cfnorge.no.dev.exigo.no\/#organization","name":"CF Norge","url":"http:\/\/cfnorge.no.dev.exigo.no\/","logo":{"@type":"ImageObject","inLanguage":"en-GB","@id":"http:\/\/cfnorge.no.dev.exigo.no\/#\/schema\/logo\/image\/","url":"http:\/\/cfnorge.no.dev.exigo.no\/wp-content\/uploads\/2024\/06\/CF-Horisontal-logo-2.png","contentUrl":"http:\/\/cfnorge.no.dev.exigo.no\/wp-content\/uploads\/2024\/06\/CF-Horisontal-logo-2.png","width":12334,"height":3827,"caption":"CF Norge"},"image":{"@id":"http:\/\/cfnorge.no.dev.exigo.no\/#\/schema\/logo\/image\/"}}]}},"_links":{"self":[{"href":"http:\/\/cfnorge.no.dev.exigo.no\/en\/wp-json\/wp\/v2\/pages\/1463","targetHints":{"allow":["GET"]}}],"collection":[{"href":"http:\/\/cfnorge.no.dev.exigo.no\/en\/wp-json\/wp\/v2\/pages"}],"about":[{"href":"http:\/\/cfnorge.no.dev.exigo.no\/en\/wp-json\/wp\/v2\/types\/page"}],"author":[{"embeddable":true,"href":"http:\/\/cfnorge.no.dev.exigo.no\/en\/wp-json\/wp\/v2\/users\/6"}],"replies":[{"embeddable":true,"href":"http:\/\/cfnorge.no.dev.exigo.no\/en\/wp-json\/wp\/v2\/comments?post=1463"}],"version-history":[{"count":20,"href":"http:\/\/cfnorge.no.dev.exigo.no\/en\/wp-json\/wp\/v2\/pages\/1463\/revisions"}],"predecessor-version":[{"id":1948,"href":"http:\/\/cfnorge.no.dev.exigo.no\/en\/wp-json\/wp\/v2\/pages\/1463\/revisions\/1948"}],"up":[{"embeddable":true,"href":"http:\/\/cfnorge.no.dev.exigo.no\/en\/wp-json\/wp\/v2\/pages\/275"}],"wp:featuredmedia":[{"embeddable":true,"href":"http:\/\/cfnorge.no.dev.exigo.no\/en\/wp-json\/wp\/v2\/media\/1028"}],"wp:attachment":[{"href":"http:\/\/cfnorge.no.dev.exigo.no\/en\/wp-json\/wp\/v2\/media?parent=1463"}],"curies":[{"name":"wp","href":"https:\/\/api.w.org\/{rel}","templated":true}]}}