{"id":2416,"date":"2025-10-17T13:18:26","date_gmt":"2025-10-17T11:18:26","guid":{"rendered":"https:\/\/cfnorge.no\/?page_id=2416"},"modified":"2025-10-17T13:19:24","modified_gmt":"2025-10-17T11:19:24","slug":"personvern","status":"publish","type":"page","link":"http:\/\/cfnorge.no.dev.exigo.no\/en\/personvern\/","title":{"rendered":"Privacy - GDPR"},"content":{"rendered":"<p>[et_pb_section fb_built=&raquo;1&#8243; _builder_version=&raquo;4.21.0&#8243; _module_preset=&raquo;default&raquo; background_color=&raquo;gcid-9e2f3af2-1007-4221-b250-8e35d98c5991&#8243; background_enable_image=&raquo;off&raquo; background_size=&raquo;custom&raquo; background_image_width=&raquo;101%&raquo; custom_padding=&raquo;||90px|||&raquo; global_colors_info=&raquo;{%22gcid-9e2f3af2-1007-4221-b250-8e35d98c5991%22:%91%22background_color%22%93}&raquo;][et_pb_row _builder_version=&raquo;4.21.0&#8243; _module_preset=&raquo;default&raquo; custom_padding=&raquo;||6px|||&raquo; global_colors_info=&raquo;{}&raquo;][et_pb_column type=&raquo;4_4&#8243; _builder_version=&raquo;4.21.0&#8243; _module_preset=&raquo;default&raquo; global_colors_info=&raquo;{}&raquo;][et_pb_text _builder_version=&raquo;4.21.0&#8243; _module_preset=&raquo;default&raquo; header_font=&raquo;Poppins|600|||||||&raquo; header_text_color=&raquo;gcid-26e97d0d-b127-4ce1-b597-0df3fb01df24&#8243; custom_margin=&raquo;0px||0px||false|false&raquo; custom_padding=&raquo;0px||0px||false|false&raquo; global_colors_info=&raquo;{%22gcid-26e97d0d-b127-4ce1-b597-0df3fb01df24%22:%91%22header_text_color%22%93}&raquo;]<\/p>\n<h1>Privacy - GDPR<\/h1>\n<p>[\/et_pb_text][\/et_pb_column][\/et_pb_row][et_pb_row _builder_version=&raquo;4.21.0&#8243; _module_preset=&raquo;default&raquo; custom_padding=&raquo;10px|||||&raquo; global_colors_info=&raquo;{}&raquo;][et_pb_column type=&raquo;4_4&#8243; _builder_version=&raquo;4.21.0&#8243; _module_preset=&raquo;default&raquo; global_colors_info=&raquo;{}&raquo;][et_pb_text _builder_version=&raquo;4.21.0&#8243; _module_preset=&raquo;default&raquo; text_font=&raquo;Poppins|300|||||||&raquo; text_text_color=&raquo;gcid-26e97d0d-b127-4ce1-b597-0df3fb01df24&#8243; text_font_size=&raquo;16px&raquo; text_line_height=&raquo;1.8em&raquo; custom_margin=&raquo;||||false|false&raquo; custom_padding=&raquo;|||0px||&raquo; global_colors_info=&raquo;{%22gcid-26e97d0d-b127-4ce1-b597-0df3fb01df24%22:%91%22text_text_color%22%93}&raquo;]<\/p>\n<p data-start=\"202\" data-end=\"459\">CF Norge (Norsk forening for cystisk fibrose) tar personvern p\u00e5 alvor. Vi samler kun inn n\u00f8dvendige opplysninger som navn og e-post n\u00e5r du kontakter oss via v\u00e5rt kontaktskjema. Informasjonen brukes kun til \u00e5 svare p\u00e5 henvendelser og gi god medlemsservice.<\/p>\n<p data-start=\"461\" data-end=\"620\">Vi bruker ogs\u00e5 verkt\u00f8y som <strong data-start=\"488\" data-end=\"508\">Google Analytics<\/strong> and <strong data-start=\"512\" data-end=\"524\">Facebook<\/strong> for \u00e5 samle anonym statistikk om hvordan nettsiden brukes, slik at vi kan forbedre innholdet.<\/p>\n<p data-start=\"622\" data-end=\"821\">Personopplysninger lagres ikke lenger enn n\u00f8dvendig, og deles ikke med andre uten ditt samtykke.<br data-start=\"718\" data-end=\"721\" \/>Du kan n\u00e5r som helst be om innsyn, retting eller sletting av dine opplysninger ved \u00e5 kontakte oss.<\/p>\n<p data-start=\"823\" data-end=\"891\">For sp\u00f8rsm\u00e5l om personvern, ta kontakt p\u00e5: <strong><a href=\"mailto:post@nfcf.no\">post@nfcf.no<\/a>\u00a0<\/strong><\/p>\n<p>[\/et_pb_text][\/et_pb_column][\/et_pb_row][\/et_pb_section][et_pb_section fb_built=&raquo;1&#8243; disabled_on=&raquo;on|on|off&raquo; _builder_version=&raquo;4.21.0&#8243; _module_preset=&raquo;default&raquo; background_color=&raquo;gcid-edcc47c2-e936-4ba2-8e6c-8ca8cb2c2a05&#8243; custom_padding=&raquo;||0px||false|false&raquo; global_colors_info=&raquo;{%22gcid-edcc47c2-e936-4ba2-8e6c-8ca8cb2c2a05%22:%91%22background_color%22%93}&raquo;][et_pb_row column_structure=&raquo;1_2,1_2&#8243; use_custom_gutter=&raquo;on&raquo; gutter_width=&raquo;1&#8243; _builder_version=&raquo;4.21.0&#8243; _module_preset=&raquo;default&raquo; custom_padding=&raquo;||0px||false|false&raquo; global_colors_info=&raquo;{}&raquo;][et_pb_column type=&raquo;1_2&#8243; _builder_version=&raquo;4.21.0&#8243; _module_preset=&raquo;default&raquo; global_colors_info=&raquo;{}&raquo;][et_pb_image src=&raquo;http:\/\/cfnorge.no.dev.exigo.no\/wp-content\/uploads\/2023\/08\/Stott-oss-illustrasjon-CF-2-1.png&raquo; title_text=&raquo;St\u00f8tt-oss-illustrasjon-CF-2&#8243; _builder_version=&raquo;4.21.0&#8243; _module_preset=&raquo;default&raquo; width=&raquo;65%&raquo; module_alignment=&raquo;center&raquo; global_colors_info=&raquo;{}&raquo;][\/et_pb_image][\/et_pb_column][et_pb_column type=&raquo;1_2&#8243; _builder_version=&raquo;4.21.0&#8243; _module_preset=&raquo;default&raquo; global_colors_info=&raquo;{}&raquo;][et_pb_text _builder_version=&raquo;4.21.0&#8243; _module_preset=&raquo;default&raquo; header_2_font=&raquo;Poppins|600|||||||&raquo; header_2_text_color=&raquo;#FFFFFF&raquo; header_2_font_size=&raquo;30px&raquo; header_3_font=&raquo;Poppins||||||||&raquo; header_3_text_color=&raquo;#FFFFFF&raquo; header_3_font_size=&raquo;20px&raquo; header_3_line_height=&raquo;1.5em&raquo; custom_margin=&raquo;74px||18px|||&raquo; global_colors_info=&raquo;{}&raquo;]<\/p>\n<h2>Support us<\/h2>\n<h3>We are grateful for all<br \/>contributions to our work.<\/h3>\n<p>[\/et_pb_text][et_pb_button button_url=&raquo;@ET-DC@eyJkeW5hbWljIjp0cnVlLCJjb250ZW50IjoicG9zdF9saW5rX3VybF9wYWdlIiwic2V0dGluZ3MiOnsicG9zdF9pZCI6IjQ1NyJ9fQ==@&raquo; button_text=&raquo;Les hvordan her&raquo; _builder_version=&raquo;4.21.0&#8243; _dynamic_attributes=&raquo;button_url&raquo; _module_preset=&raquo;default&raquo; custom_button=&raquo;on&raquo; button_text_size=&raquo;16px&raquo; button_text_color=&raquo;#FFFFFF&raquo; button_bg_color=&raquo;gcid-26e97d0d-b127-4ce1-b597-0df3fb01df24&#8243; button_border_width=&raquo;0px&raquo; button_border_radius=&raquo;100px&raquo; global_colors_info=&raquo;{%22gcid-26e97d0d-b127-4ce1-b597-0df3fb01df24%22:%91%22button_bg_color%22%93}&raquo;][\/et_pb_button][\/et_pb_column][\/et_pb_row][\/et_pb_section][et_pb_section fb_built=&raquo;1&#8243; disabled_on=&raquo;off|off|on&raquo; _builder_version=&raquo;4.21.0&#8243; _module_preset=&raquo;default&raquo; background_color=&raquo;gcid-edcc47c2-e936-4ba2-8e6c-8ca8cb2c2a05&#8243; custom_padding=&raquo;21px||0px||false|false&raquo; locked=&raquo;off&raquo; global_colors_info=&raquo;{%22gcid-edcc47c2-e936-4ba2-8e6c-8ca8cb2c2a05%22:%91%22background_color%22%93}&raquo;][et_pb_row _builder_version=&raquo;4.21.0&#8243; _module_preset=&raquo;default&raquo; custom_margin=&raquo;13px|auto|0px|auto|false|false&raquo; custom_padding=&raquo;7px||0px||false|false&raquo; global_colors_info=&raquo;{}&raquo;][et_pb_column type=&raquo;4_4&#8243; _builder_version=&raquo;4.21.0&#8243; _module_preset=&raquo;default&raquo; global_colors_info=&raquo;{}&raquo;][et_pb_text _builder_version=&raquo;4.21.0&#8243; _module_preset=&raquo;default&raquo; header_2_font=&raquo;Poppins|600|||||||&raquo; header_2_text_color=&raquo;#FFFFFF&raquo; header_2_font_size=&raquo;30px&raquo; header_3_font=&raquo;Poppins||||||||&raquo; header_3_text_color=&raquo;#FFFFFF&raquo; header_3_font_size=&raquo;20px&raquo; header_3_line_height=&raquo;1.5em&raquo; custom_margin=&raquo;26px|||||&raquo; global_colors_info=&raquo;{}&raquo;]<\/p>\n<h2>Support us<\/h2>\n<h3>We are grateful for all<br \/>contributions to our work.<\/h3>\n<p>[\/et_pb_text][et_pb_button button_url=&raquo;@ET-DC@eyJkeW5hbWljIjp0cnVlLCJjb250ZW50IjoicG9zdF9saW5rX3VybF9wYWdlIiwic2V0dGluZ3MiOnsicG9zdF9pZCI6IjQ1NyJ9fQ==@&raquo; button_text=&raquo;LES HVORDAN HER&raquo; _builder_version=&raquo;4.21.0&#8243; _dynamic_attributes=&raquo;button_url&raquo; _module_preset=&raquo;default&raquo; custom_button=&raquo;on&raquo; button_text_size=&raquo;16px&raquo; button_text_color=&raquo;#FFFFFF&raquo; button_bg_color=&raquo;gcid-26e97d0d-b127-4ce1-b597-0df3fb01df24&#8243; button_border_width=&raquo;0px&raquo; button_border_radius=&raquo;100px&raquo; custom_margin=&raquo;||11px|||&raquo; global_colors_info=&raquo;{%22gcid-26e97d0d-b127-4ce1-b597-0df3fb01df24%22:%91%22button_bg_color%22%93}&raquo;][\/et_pb_button][et_pb_image src=&raquo;https:\/\/cfnorge.bwod.dev\/wp-content\/uploads\/2023\/08\/Stott-oss-illustrasjon-CF-2-1.png&raquo; title_text=&raquo;St\u00f8tt-oss-illustrasjon-CF-2&#8243; _builder_version=&raquo;4.21.0&#8243; _module_preset=&raquo;default&raquo; max_width=&raquo;64%&raquo; max_width_tablet=&raquo;50%&raquo; max_width_phone=&raquo;50%&raquo; max_width_last_edited=&raquo;on|tablet&raquo; module_alignment=&raquo;right&raquo; custom_margin_tablet=&raquo;-40px||||false|false&raquo; custom_margin_phone=&raquo;-40px||||false|false&raquo; custom_margin_last_edited=&raquo;on|tablet&raquo; global_colors_info=&raquo;{}&raquo;][\/et_pb_image][\/et_pb_column][\/et_pb_row][\/et_pb_section]<\/p>","protected":false},"excerpt":{"rendered":"<p>PersonvernCF Norge (Norsk forening for cystisk fibrose) tar personvern p\u00e5 alvor. Vi samler kun inn n\u00f8dvendige opplysninger som navn og e-post n\u00e5r du kontakter oss via v\u00e5rt kontaktskjema. Informasjonen brukes kun til \u00e5 svare p\u00e5 henvendelser og gi god medlemsservice. Vi bruker ogs\u00e5 verkt\u00f8y som Google Analytics og Facebook for \u00e5 samle anonym statistikk om [&hellip;]<\/p>","protected":false},"author":1,"featured_media":0,"parent":0,"menu_order":0,"comment_status":"closed","ping_status":"closed","template":"","meta":{"_et_pb_use_builder":"on","_et_pb_old_content":"","_et_gb_content_width":"","footnotes":""},"class_list":["post-2416","page","type-page","status-publish","hentry"],"yoast_head":"<!-- This site is optimized with the Yoast SEO plugin v26.2 - https:\/\/yoast.com\/wordpress\/plugins\/seo\/ -->\n<title>Personvern - CF Norge<\/title>\n<meta name=\"robots\" content=\"noindex, follow, max-snippet:-1, max-image-preview:large, max-video-preview:-1\" \/>\n<meta property=\"og:locale\" content=\"en_GB\" \/>\n<meta property=\"og:type\" content=\"article\" \/>\n<meta property=\"og:title\" content=\"Personvern - CF Norge\" \/>\n<meta property=\"og:description\" content=\"PersonvernCF Norge (Norsk forening for cystisk fibrose) tar personvern p\u00e5 alvor. Vi samler kun inn n\u00f8dvendige opplysninger som navn og e-post n\u00e5r du kontakter oss via v\u00e5rt kontaktskjema. Informasjonen brukes kun til \u00e5 svare p\u00e5 henvendelser og gi god medlemsservice. Vi bruker ogs\u00e5 verkt\u00f8y som Google Analytics og Facebook for \u00e5 samle anonym statistikk om [&hellip;]\" \/>\n<meta property=\"og:url\" content=\"http:\/\/cfnorge.no.dev.exigo.no\/en\/personvern\/\" \/>\n<meta property=\"og:site_name\" content=\"CF Norge\" \/>\n<meta property=\"article:modified_time\" content=\"2025-10-17T11:19:24+00:00\" \/>\n<meta name=\"twitter:card\" content=\"summary_large_image\" \/>\n<meta name=\"twitter:label1\" content=\"Estimated reading time\" \/>\n\t<meta name=\"twitter:data1\" content=\"2 minutes\" \/>\n<script type=\"application\/ld+json\" class=\"yoast-schema-graph\">{\"@context\":\"https:\/\/schema.org\",\"@graph\":[{\"@type\":\"WebPage\",\"@id\":\"http:\/\/cfnorge.no.dev.exigo.no\/personvern\/\",\"url\":\"http:\/\/cfnorge.no.dev.exigo.no\/personvern\/\",\"name\":\"Personvern - CF Norge\",\"isPartOf\":{\"@id\":\"http:\/\/cfnorge.no.dev.exigo.no\/#website\"},\"datePublished\":\"2025-10-17T11:18:26+00:00\",\"dateModified\":\"2025-10-17T11:19:24+00:00\",\"breadcrumb\":{\"@id\":\"http:\/\/cfnorge.no.dev.exigo.no\/personvern\/#breadcrumb\"},\"inLanguage\":\"en-GB\",\"potentialAction\":[{\"@type\":\"ReadAction\",\"target\":[\"http:\/\/cfnorge.no.dev.exigo.no\/personvern\/\"]}]},{\"@type\":\"BreadcrumbList\",\"@id\":\"http:\/\/cfnorge.no.dev.exigo.no\/personvern\/#breadcrumb\",\"itemListElement\":[{\"@type\":\"ListItem\",\"position\":1,\"name\":\"Hjem\",\"item\":\"http:\/\/cfnorge.no.dev.exigo.no\/\"},{\"@type\":\"ListItem\",\"position\":2,\"name\":\"Personvern\"}]},{\"@type\":\"WebSite\",\"@id\":\"http:\/\/cfnorge.no.dev.exigo.no\/#website\",\"url\":\"http:\/\/cfnorge.no.dev.exigo.no\/\",\"name\":\"CF Norge\",\"description\":\"\",\"publisher\":{\"@id\":\"http:\/\/cfnorge.no.dev.exigo.no\/#organization\"},\"potentialAction\":[{\"@type\":\"SearchAction\",\"target\":{\"@type\":\"EntryPoint\",\"urlTemplate\":\"http:\/\/cfnorge.no.dev.exigo.no\/?s={search_term_string}\"},\"query-input\":{\"@type\":\"PropertyValueSpecification\",\"valueRequired\":true,\"valueName\":\"search_term_string\"}}],\"inLanguage\":\"en-GB\"},{\"@type\":\"Organization\",\"@id\":\"http:\/\/cfnorge.no.dev.exigo.no\/#organization\",\"name\":\"CF Norge\",\"url\":\"http:\/\/cfnorge.no.dev.exigo.no\/\",\"logo\":{\"@type\":\"ImageObject\",\"inLanguage\":\"en-GB\",\"@id\":\"http:\/\/cfnorge.no.dev.exigo.no\/#\/schema\/logo\/image\/\",\"url\":\"http:\/\/cfnorge.no.dev.exigo.no\/wp-content\/uploads\/2024\/06\/CF-Horisontal-logo-2.png\",\"contentUrl\":\"http:\/\/cfnorge.no.dev.exigo.no\/wp-content\/uploads\/2024\/06\/CF-Horisontal-logo-2.png\",\"width\":12334,\"height\":3827,\"caption\":\"CF Norge\"},\"image\":{\"@id\":\"http:\/\/cfnorge.no.dev.exigo.no\/#\/schema\/logo\/image\/\"}}]}<\/script>\n<!-- \/ Yoast SEO plugin. -->","yoast_head_json":{"title":"Personvern - CF Norge","robots":{"index":"noindex","follow":"follow","max-snippet":"max-snippet:-1","max-image-preview":"max-image-preview:large","max-video-preview":"max-video-preview:-1"},"og_locale":"en_GB","og_type":"article","og_title":"Personvern - CF Norge","og_description":"PersonvernCF Norge (Norsk forening for cystisk fibrose) tar personvern p\u00e5 alvor. Vi samler kun inn n\u00f8dvendige opplysninger som navn og e-post n\u00e5r du kontakter oss via v\u00e5rt kontaktskjema. Informasjonen brukes kun til \u00e5 svare p\u00e5 henvendelser og gi god medlemsservice. Vi bruker ogs\u00e5 verkt\u00f8y som Google Analytics og Facebook for \u00e5 samle anonym statistikk om [&hellip;]","og_url":"http:\/\/cfnorge.no.dev.exigo.no\/en\/personvern\/","og_site_name":"CF Norge","article_modified_time":"2025-10-17T11:19:24+00:00","twitter_card":"summary_large_image","twitter_misc":{"Estimated reading time":"2 minutes"},"schema":{"@context":"https:\/\/schema.org","@graph":[{"@type":"WebPage","@id":"http:\/\/cfnorge.no.dev.exigo.no\/personvern\/","url":"http:\/\/cfnorge.no.dev.exigo.no\/personvern\/","name":"Personvern - CF Norge","isPartOf":{"@id":"http:\/\/cfnorge.no.dev.exigo.no\/#website"},"datePublished":"2025-10-17T11:18:26+00:00","dateModified":"2025-10-17T11:19:24+00:00","breadcrumb":{"@id":"http:\/\/cfnorge.no.dev.exigo.no\/personvern\/#breadcrumb"},"inLanguage":"en-GB","potentialAction":[{"@type":"ReadAction","target":["http:\/\/cfnorge.no.dev.exigo.no\/personvern\/"]}]},{"@type":"BreadcrumbList","@id":"http:\/\/cfnorge.no.dev.exigo.no\/personvern\/#breadcrumb","itemListElement":[{"@type":"ListItem","position":1,"name":"Hjem","item":"http:\/\/cfnorge.no.dev.exigo.no\/"},{"@type":"ListItem","position":2,"name":"Personvern"}]},{"@type":"WebSite","@id":"http:\/\/cfnorge.no.dev.exigo.no\/#website","url":"http:\/\/cfnorge.no.dev.exigo.no\/","name":"CF Norge","description":"","publisher":{"@id":"http:\/\/cfnorge.no.dev.exigo.no\/#organization"},"potentialAction":[{"@type":"SearchAction","target":{"@type":"EntryPoint","urlTemplate":"http:\/\/cfnorge.no.dev.exigo.no\/?s={search_term_string}"},"query-input":{"@type":"PropertyValueSpecification","valueRequired":true,"valueName":"search_term_string"}}],"inLanguage":"en-GB"},{"@type":"Organization","@id":"http:\/\/cfnorge.no.dev.exigo.no\/#organization","name":"CF Norge","url":"http:\/\/cfnorge.no.dev.exigo.no\/","logo":{"@type":"ImageObject","inLanguage":"en-GB","@id":"http:\/\/cfnorge.no.dev.exigo.no\/#\/schema\/logo\/image\/","url":"http:\/\/cfnorge.no.dev.exigo.no\/wp-content\/uploads\/2024\/06\/CF-Horisontal-logo-2.png","contentUrl":"http:\/\/cfnorge.no.dev.exigo.no\/wp-content\/uploads\/2024\/06\/CF-Horisontal-logo-2.png","width":12334,"height":3827,"caption":"CF Norge"},"image":{"@id":"http:\/\/cfnorge.no.dev.exigo.no\/#\/schema\/logo\/image\/"}}]}},"_links":{"self":[{"href":"http:\/\/cfnorge.no.dev.exigo.no\/en\/wp-json\/wp\/v2\/pages\/2416","targetHints":{"allow":["GET"]}}],"collection":[{"href":"http:\/\/cfnorge.no.dev.exigo.no\/en\/wp-json\/wp\/v2\/pages"}],"about":[{"href":"http:\/\/cfnorge.no.dev.exigo.no\/en\/wp-json\/wp\/v2\/types\/page"}],"author":[{"embeddable":true,"href":"http:\/\/cfnorge.no.dev.exigo.no\/en\/wp-json\/wp\/v2\/users\/1"}],"replies":[{"embeddable":true,"href":"http:\/\/cfnorge.no.dev.exigo.no\/en\/wp-json\/wp\/v2\/comments?post=2416"}],"version-history":[{"count":4,"href":"http:\/\/cfnorge.no.dev.exigo.no\/en\/wp-json\/wp\/v2\/pages\/2416\/revisions"}],"predecessor-version":[{"id":2420,"href":"http:\/\/cfnorge.no.dev.exigo.no\/en\/wp-json\/wp\/v2\/pages\/2416\/revisions\/2420"}],"wp:attachment":[{"href":"http:\/\/cfnorge.no.dev.exigo.no\/en\/wp-json\/wp\/v2\/media?parent=2416"}],"curies":[{"name":"wp","href":"https:\/\/api.w.org\/{rel}","templated":true}]}}